{"id":8338,"date":"2023-01-29T10:49:48","date_gmt":"2023-01-29T09:49:48","guid":{"rendered":"https:\/\/laufgruppe-lvb.bplaced.net\/wordpress\/?page_id=8338"},"modified":"2023-01-29T11:49:21","modified_gmt":"2023-01-29T10:49:21","slug":"visual-composer-8338","status":"publish","type":"page","link":"https:\/\/laufgruppe-lvb.bplaced.net\/wordpress\/visual-composer-8338\/","title":{"rendered":"TRAINING [WINTERRUNDE]2"},"content":{"rendered":"<p>&lt;!&#8211;vcv no format&#8211;&gt;&lt;!&#8211; vcwb\/dynamicElementComment:421f7ee8 &#8211;&gt;&lt;div class=&quot;vce-row-container&quot; data-vce-boxed-width=&quot;true&quot;&gt;&lt;div class=&quot;vce-row vce-row&#8211;col-gap-30 vce-row-equal-height vce-row-content&#8211;top&quot; id=&quot;el-421f7ee8&quot; data-vce-do-apply=&quot;all el-421f7ee8&quot;&gt;&lt;div class=&quot;vce-row-content&quot; data-vce-element-content=&quot;true&quot;&gt;&lt;!&#8211; vcwb\/dynamicElementComment:6e239bd3 &#8211;&gt;&lt;div class=&quot;vce-col vce-col&#8211;md-auto vce-col&#8211;xs-1 vce-col&#8211;xs-last vce-col&#8211;xs-first vce-col&#8211;sm-last vce-col&#8211;sm-first vce-col&#8211;md-last vce-col&#8211;lg-last vce-col&#8211;xl-last vce-col&#8211;md-first vce-col&#8211;lg-first vce-col&#8211;xl-first&quot; id=&quot;el-6e239bd3&quot;&gt;&lt;div class=&quot;vce-col-inner&quot; data-vce-do-apply=&quot;border margin background  el-6e239bd3&quot;&gt;&lt;div class=&quot;vce-col-content&quot; data-vce-element-content=&quot;true&quot; data-vce-do-apply=&quot;padding el-6e239bd3&quot;&gt;&lt;!&#8211; vcwb\/dynamicElementComment:f2094632 &#8211;&gt;&lt;!&#8211; \/vcwb\/dynamicElementComment:f2094632 &#8211;&gt;&lt;!&#8211; vcwb\/dynamicElementComment:b1de49b5 &#8211;&gt;&lt;!&#8211; \/vcwb\/dynamicElementComment:b1de49b5 &#8211;&gt;&lt;!&#8211; vcwb\/dynamicElementComment:938d8eb6 &#8211;&gt;&lt;div class=&quot;vce-google-fonts-heading vce-google-fonts-heading&#8211;align-left vce-google-fonts-heading&#8211;color-b-17-153-68&#8211;45&#8211;5C00FF&#8211;FF7200 vce-google-fonts-heading&#8211;font-family-Lato&quot;&gt;&lt;div class=&quot;vce-google-fonts-heading-wrapper&quot;&gt;&lt;div class=&quot;vce-google-fonts-heading&#8211;background vce&quot; id=&quot;el-938d8eb6&quot; data-vce-do-apply=&quot;border background  padding margin el-938d8eb6&quot;&gt;&lt;h5 class=&quot;vce-google-fonts-heading-inner&quot; style=&quot;font-weight: 400; font-style: normal;&quot;&gt;Unsere Winterrunde f\u00fchrt uns aus dem Auenwald heraus in die S\u00fcdvorstadt von Leipzig. Hier sind die Wege und Strassen beleuchtet und bei Schneefall meist berr\u00e4umt, was das Laufen angenehmer macht.&lt;\/h5&gt;&lt;\/div&gt;&lt;\/div&gt;&lt;\/div&gt;&lt;!&#8211; \/vcwb\/dynamicElementComment:938d8eb6 &#8211;&gt;&lt;!&#8211; vcwb\/dynamicElementComment:f2094632 &#8211;&gt;&lt;!&#8211; \/vcwb\/dynamicElementComment:f2094632 &#8211;&gt;&lt;!&#8211; vcwb\/dynamicElementComment:b1de49b5 &#8211;&gt;&lt;!&#8211; vcwb\/dynamicElementComment:b1de49b5 &#8211;&gt;&lt;div class=&quot;vce-google-fonts-heading vce-google-fonts-heading&#8211;align-left vce-google-fonts-heading&#8211;color-b-17-153-68&#8211;45&#8211;5C00FF&#8211;FF7200 vce-google-fonts-heading&#8211;font-family-Lato&quot;&gt;&lt;div class=&quot;vce-google-fonts-heading-wrapper&quot;&gt;&lt;div class=&quot;vce-google-fonts-heading&#8211;background vce&quot; id=&quot;el-b1de49b5&quot; data-vce-do-apply=&quot;border background  padding margin el-b1de49b5&quot;&gt;&lt;h5 class=&quot;vce-google-fonts-heading-inner&quot; style=&quot;font-weight: 400; font-style: normal;&quot;&gt;Entlang der Fockestrasse biegen wir dann zu einem kleinem Abstecher auf den Fockeberg und genie\u00dfen die abendliche Stimmung \u00fcber Leipzig. Nach einer Gipfelumrundung kehren wir in die Stadt zur\u00fcck und bewegen uns in Richtung der Rennbahnst\u00e4lle.&lt;\/h5&gt;&lt;\/div&gt;&lt;\/div&gt;&lt;\/div&gt;&lt;!&#8211; \/vcwb\/dynamicElementComment:b1de49b5 &#8211;&gt;&lt;\/div&gt;&lt;\/div&gt;&lt;\/div&gt;&lt;!&#8211; \/vcwb\/dynamicElementComment:6e239bd3 &#8211;&gt;&lt;\/div&gt;&lt;\/div&gt;&lt;\/div&gt;&lt;!&#8211; \/vcwb\/dynamicElementComment:421f7ee8 &#8211;&gt;&lt;!&#8211; vcwb\/dynamicElementComment:c1ef905c &#8211;&gt;&lt;div class=&quot;vce-row-container&quot; data-vce-boxed-width=&quot;true&quot;&gt;&lt;div class=&quot;vce-row vce-row&#8211;col-gap-30 vce-row-equal-height vce-row-content&#8211;top&quot; id=&quot;el-c1ef905c&quot; data-vce-do-apply=&quot;all el-c1ef905c&quot;&gt;&lt;div class=&quot;vce-row-content&quot; data-vce-element-content=&quot;true&quot;&gt;&lt;!&#8211; vcwb\/dynamicElementComment:37556dcf &#8211;&gt;&lt;div class=&quot;vce-col vce-col&#8211;md-auto vce-col&#8211;xs-1 vce-col&#8211;xs-last vce-col&#8211;xs-first vce-col&#8211;sm-last vce-col&#8211;sm-first vce-col&#8211;md-last vce-col&#8211;lg-last vce-col&#8211;xl-last vce-col&#8211;md-first vce-col&#8211;lg-first vce-col&#8211;xl-first&quot; id=&quot;el-37556dcf&quot;&gt;&lt;div class=&quot;vce-col-inner&quot; data-vce-do-apply=&quot;border margin background  el-37556dcf&quot;&gt;&lt;div class=&quot;vce-col-content&quot; data-vce-element-content=&quot;true&quot; data-vce-do-apply=&quot;padding el-37556dcf&quot;&gt;&lt;!&#8211; vcwb\/dynamicElementComment:630f600f &#8211;&gt;&lt;div class=&quot;vce-google-maps vce-google-maps&#8211;align-left&quot;&gt;&lt;div class=&quot;vce-google-maps-wrapper vce vce-google-maps-proportional&quot; id=&quot;el-630f600f&quot; data-vce-do-apply=&quot;all el-630f600f&quot; style=&quot;width: 640px; height: auto;&quot;&gt;&lt;div class=&quot;vce-google-maps-inner&quot; style=&quot;padding-bottom: 75%;&quot;&gt;&lt;iframe src=&quot;https:\/\/www.google.com\/maps\/d\/embed?mid=1MmZGE-bZ1hiNJmCtGrEPzB79O1GrXso&amp;amp;ehbc=2E312F&quot; width=&quot;640&quot; height=&quot;480&quot; style=&quot;pointer-events: none;&quot;&gt;&lt;\/iframe&gt;&lt;\/div&gt;&lt;\/div&gt;&lt;\/div&gt;&lt;!&#8211; \/vcwb\/dynamicElementComment:630f600f &#8211;&gt;&lt;\/div&gt;&lt;\/div&gt;&lt;\/div&gt;&lt;!&#8211; \/vcwb\/dynamicElementComment:37556dcf &#8211;&gt;&lt;\/div&gt;&lt;\/div&gt;&lt;\/div&gt;&lt;!&#8211; \/vcwb\/dynamicElementComment:c1ef905c &#8211;&gt;&lt;!&#8211;vcv no format&#8211;&gt;<\/p>\n","protected":false},"excerpt":{"rendered":"<p>&lt;!&#8211;vcv no format&#8211;&gt;&lt;!&#8211; vcwb\/dynamicElementComment:421f7ee8 &#8211;&gt;&lt;div class=&quot;vce-row-container&quot; data-vce-boxed-width=&quot;true&quot;&gt;&lt;div class=&quot;vce-row vce-row&#8211;col-gap-30 vce-row-equal-height vce-row-content&#8211;top&quot; id=&quot;el-421f7ee8&quot; data-vce-do-apply=&quot;all el-421f7ee8&quot;&gt;&lt;div class=&quot;vce-row-content&quot; data-vce-element-content=&quot;true&quot;&gt;&lt;!&#8211; vcwb\/dynamicElementComment:6e239bd3 &#8211;&gt;&lt;div class=&quot;vce-col vce-col&#8211;md-auto vce-col&#8211;xs-1 vce-col&#8211;xs-last vce-col&#8211;xs-first vce-col&#8211;sm-last vce-col&#8211;sm-first vce-col&#8211;md-last vce-col&#8211;lg-last vce-col&#8211;xl-last vce-col&#8211;md-first vce-col&#8211;lg-first vce-col&#8211;xl-first&quot; id=&quot;el-6e239bd3&quot;&gt;&lt;div class=&quot;vce-col-inner&quot; data-vce-do-apply=&quot;border margin background el-6e239bd3&quot;&gt;&lt;div class=&quot;vce-col-content&quot; data-vce-element-content=&quot;true&quot; data-vce-do-apply=&quot;padding el-6e239bd3&quot;&gt;&lt;!&#8211; vcwb\/dynamicElementComment:f2094632 &#8211;&gt;&lt;!&#8211; \/vcwb\/dynamicElementComment:f2094632 &#8211;&gt;&lt;!&#8211; vcwb\/dynamicElementComment:b1de49b5 &#8211;&gt;&lt;!&#8211; \/vcwb\/dynamicElementComment:b1de49b5 &#8211;&gt;&lt;!&#8211; vcwb\/dynamicElementComment:938d8eb6 &#8211;&gt;&lt;div class=&quot;vce-google-fonts-heading vce-google-fonts-heading&#8211;align-left vce-google-fonts-heading&#8211;color-b-17-153-68&#8211;45&#8211;5C00FF&#8211;FF7200 vce-google-fonts-heading&#8211;font-family-Lato&quot;&gt;&lt;div class=&quot;vce-google-fonts-heading-wrapper&quot;&gt;&lt;div class=&quot;vce-google-fonts-heading&#8211;background vce&quot; id=&quot;el-938d8eb6&quot; data-vce-do-apply=&quot;border background padding margin el-938d8eb6&quot;&gt;&lt;h5 class=&quot;vce-google-fonts-heading-inner&quot; style=&quot;font-weight: 400; font-style: normal;&quot;&gt;Unsere Winterrunde f\u00fchrt uns aus dem Auenwald heraus in die S\u00fcdvorstadt von Leipzig. Hier sind die Wege und Strassen beleuchtet und bei Schneefall meist berr\u00e4umt, was das Laufen angenehmer macht.&lt;\/h5&gt;&lt;\/div&gt;&lt;\/div&gt;&lt;\/div&gt;&lt;!&#8211; \/vcwb\/dynamicElementComment:938d8eb6 &#8211;&gt;&lt;!&#8211; vcwb\/dynamicElementComment:f2094632 &#8211;&gt;&lt;!&#8211; \/vcwb\/dynamicElementComment:f2094632 &#8211;&gt;&lt;!&#8211; vcwb\/dynamicElementComment:b1de49b5 &#8211;&gt;&lt;!&#8211; vcwb\/dynamicElementComment:b1de49b5 &#8211;&gt;&lt;div class=&quot;vce-google-fonts-heading vce-google-fonts-heading&#8211;align-left vce-google-fonts-heading&#8211;color-b-17-153-68&#8211;45&#8211;5C00FF&#8211;FF7200 vce-google-fonts-heading&#8211;font-family-Lato&quot;&gt;&lt;div class=&quot;vce-google-fonts-heading-wrapper&quot;&gt;&lt;div class=&quot;vce-google-fonts-heading&#8211;background vce&quot; id=&quot;el-b1de49b5&quot; data-vce-do-apply=&quot;border background padding margin el-b1de49b5&quot;&gt;&lt;h5 class=&quot;vce-google-fonts-heading-inner&quot; style=&quot;font-weight: 400; font-style: normal;&quot;&gt;Entlang der Fockestrasse biegen wir dann zu einem kleinem Abstecher auf den Fockeberg und genie\u00dfen die abendliche Stimmung \u00fcber Leipzig. Nach einer Gipfelumrundung kehren wir in die Stadt zur\u00fcck und bewegen uns in Richtung der Rennbahnst\u00e4lle.&lt;\/h5&gt;&lt;\/div&gt;&lt;\/div&gt;&lt;\/div&gt;&lt;!&#8211; \/vcwb\/dynamicElementComment:b1de49b5 &#8211;&gt;&lt;\/div&gt;&lt;\/div&gt;&lt;\/div&gt;&lt;!&#8211; \/vcwb\/dynamicElementComment:6e239bd3 &#8211;&gt;&lt;\/div&gt;&lt;\/div&gt;&lt;\/div&gt;&lt;!&#8211; \/vcwb\/dynamicElementComment:421f7ee8 &#8211;&gt;&lt;!&#8211; vcwb\/dynamicElementComment:c1ef905c &#8211;&gt;&lt;div class=&quot;vce-row-container&quot; data-vce-boxed-width=&quot;true&quot;&gt;&lt;div class=&quot;vce-row vce-row&#8211;col-gap-30 vce-row-equal-height vce-row-content&#8211;top&quot; id=&quot;el-c1ef905c&quot; data-vce-do-apply=&quot;all el-c1ef905c&quot;&gt;&lt;div class=&quot;vce-row-content&quot; data-vce-element-content=&quot;true&quot;&gt;&lt;!&#8211; vcwb\/dynamicElementComment:37556dcf &#8211;&gt;&lt;div class=&quot;vce-col vce-col&#8211;md-auto vce-col&#8211;xs-1 vce-col&#8211;xs-last vce-col&#8211;xs-first vce-col&#8211;sm-last vce-col&#8211;sm-first vce-col&#8211;md-last vce-col&#8211;lg-last vce-col&#8211;xl-last vce-col&#8211;md-first vce-col&#8211;lg-first vce-col&#8211;xl-first&quot; id=&quot;el-37556dcf&quot;&gt;&lt;div class=&quot;vce-col-inner&quot; data-vce-do-apply=&quot;border margin background el-37556dcf&quot;&gt;&lt;div class=&quot;vce-col-content&quot; data-vce-element-content=&quot;true&quot; data-vce-do-apply=&quot;padding el-37556dcf&quot;&gt;&lt;!&#8211; vcwb\/dynamicElementComment:630f600f &#8211;&gt;&lt;div class=&quot;vce-google-maps vce-google-maps&#8211;align-left&quot;&gt;&lt;div class=&quot;vce-google-maps-wrapper vce vce-google-maps-proportional&quot; id=&quot;el-630f600f&quot; data-vce-do-apply=&quot;all el-630f600f&quot; style=&quot;width: 640px; height: auto;&quot;&gt;&lt;div class=&quot;vce-google-maps-inner&quot; style=&quot;padding-bottom: 75%;&quot;&gt;&lt;iframe src=&quot;https:\/\/www.google.com\/maps\/d\/embed?mid=1MmZGE-bZ1hiNJmCtGrEPzB79O1GrXso&amp;amp;ehbc=2E312F&quot; width=&quot;640&quot; height=&quot;480&quot; style=&quot;pointer-events: none;&quot;&gt;&lt;\/iframe&gt;&lt;\/div&gt;&lt;\/div&gt;&lt;\/div&gt;&lt;!&#8211; \/vcwb\/dynamicElementComment:630f600f &#8211;&gt;&lt;\/div&gt;&lt;\/div&gt;&lt;\/div&gt;&lt;!&#8211; \/vcwb\/dynamicElementComment:37556dcf &#8211;&gt;&lt;\/div&gt;&lt;\/div&gt;&lt;\/div&gt;&lt;!&#8211; \/vcwb\/dynamicElementComment:c1ef905c &#8211;&gt;&lt;!&#8211;vcv no format&#8211;&gt;<\/p>\n","protected":false},"author":2,"featured_media":0,"parent":0,"menu_order":0,"comment_status":"closed","ping_status":"closed","template":"","meta":{"_bbp_topic_count":0,"_bbp_reply_count":0,"_bbp_total_topic_count":0,"_bbp_total_reply_count":0,"_bbp_voice_count":0,"_bbp_anonymous_reply_count":0,"_bbp_topic_count_hidden":0,"_bbp_reply_count_hidden":0,"_bbp_forum_subforum_count":0,"footnotes":""},"class_list":["post-8338","page","type-page","status-publish","hentry"],"_links":{"self":[{"href":"https:\/\/laufgruppe-lvb.bplaced.net\/wordpress\/wp-json\/wp\/v2\/pages\/8338","targetHints":{"allow":["GET"]}}],"collection":[{"href":"https:\/\/laufgruppe-lvb.bplaced.net\/wordpress\/wp-json\/wp\/v2\/pages"}],"about":[{"href":"https:\/\/laufgruppe-lvb.bplaced.net\/wordpress\/wp-json\/wp\/v2\/types\/page"}],"author":[{"embeddable":true,"href":"https:\/\/laufgruppe-lvb.bplaced.net\/wordpress\/wp-json\/wp\/v2\/users\/2"}],"replies":[{"embeddable":true,"href":"https:\/\/laufgruppe-lvb.bplaced.net\/wordpress\/wp-json\/wp\/v2\/comments?post=8338"}],"version-history":[{"count":11,"href":"https:\/\/laufgruppe-lvb.bplaced.net\/wordpress\/wp-json\/wp\/v2\/pages\/8338\/revisions"}],"predecessor-version":[{"id":8349,"href":"https:\/\/laufgruppe-lvb.bplaced.net\/wordpress\/wp-json\/wp\/v2\/pages\/8338\/revisions\/8349"}],"wp:attachment":[{"href":"https:\/\/laufgruppe-lvb.bplaced.net\/wordpress\/wp-json\/wp\/v2\/media?parent=8338"}],"curies":[{"name":"wp","href":"https:\/\/api.w.org\/{rel}","templated":true}]}}