{"id":3568,"date":"2014-12-06T16:24:02","date_gmt":"2014-12-06T15:24:02","guid":{"rendered":"http:\/\/laufgruppe-lvb.bplaced.net\/wordpress\/?page_id=3568"},"modified":"2024-01-14T13:08:16","modified_gmt":"2024-01-14T12:08:16","slug":"baerlauchbluetenlauf","status":"publish","type":"page","link":"https:\/\/laufgruppe-lvb.bplaced.net\/wordpress\/baerlauchbluetenlauf\/","title":{"rendered":"B\u00e4rlauchBl\u00fctenlauf"},"content":{"rendered":"<p>Der B\u00e4rlauchbl\u00fctenlauf findet das erste mal im Mai 2022 statt.<br \/>\nFolgende Streckenl\u00e4ngen sind im Angebot: 20km, 10k, 5km und Bambini.<br \/>\nDen Bereich f\u00fcr die Anmeldung finden Sie auf: <a title=\"Anmeldung SSL\" href=\"http:\/\/www.fitl.htwk-leipzig.de\/laufen\/ssl\/ssl.html\" target=\"_blank\" rel=\"noopener\">Anmeldung SSL<\/a><br \/>\nErgebnisse: <a href=\"http:\/\/www.fitl.htwk-leipzig.de\/laufen\/ssl\/ssl14e.html\"><span class=\"s2\">2014<\/span><\/a>&nbsp;&nbsp;&nbsp;<a href=\"http:\/\/www.fitl.htwk-leipzig.de\/laufen\/ssl\/ssl13e.html\"><span class=\"s2\">2013<\/span><\/a> &nbsp;&nbsp;&nbsp;<a href=\"http:\/\/www.fitl.htwk-leipzig.de\/laufen\/ssl\/ssl12e.html\"><span class=\"s2\">2012<\/span><\/a> &nbsp;&nbsp;&nbsp;<a href=\"http:\/\/www.fitl.htwk-leipzig.de\/laufen\/ssl\/ssl11e.html\"><span class=\"s2\">2011<\/span><\/a> &nbsp;&nbsp;&nbsp;<a href=\"http:\/\/www.fitl.htwk-leipzig.de\/laufen\/ssl\/ssl10e.html\"><span class=\"s2\">2010<\/span><\/a> &nbsp;&nbsp;&nbsp;<a href=\"http:\/\/www.fitl.htwk-leipzig.de\/laufen\/ssl\/ssl09e.html\"><span class=\"s2\">2009<\/span><\/a> &nbsp;&nbsp;&nbsp;<a href=\"http:\/\/www.fitl.htwk-leipzig.de\/laufen\/ssl\/ssl08e.html\"><span class=\"s2\">2008<\/span><\/a> &nbsp;&nbsp;&nbsp;<a href=\"http:\/\/www.fitl.htwk-leipzig.de\/laufen\/ssl\/ssl07e.html\"><span class=\"s2\">2007<\/span><\/a><\/p>\n","protected":false},"excerpt":{"rendered":"<p>Der B\u00e4rlauchbl\u00fctenlauf findet das erste mal im Mai 2022 statt. Folgende Streckenl\u00e4ngen sind im Angebot: 20km, 10k, 5km und Bambini. Den Bereich f\u00fcr die Anmeldung finden Sie auf: Anmeldung SSL Ergebnisse: 2014&nbsp;&nbsp;&nbsp;2013 &nbsp;&nbsp;&nbsp;2012 &nbsp;&nbsp;&nbsp;2011 &nbsp;&nbsp;&nbsp;2010 &nbsp;&nbsp;&nbsp;2009 &nbsp;&nbsp;&nbsp;2008 &nbsp;&nbsp;&nbsp;2007<\/p>\n","protected":false},"author":2,"featured_media":8016,"parent":0,"menu_order":0,"comment_status":"open","ping_status":"closed","template":"","meta":{"_bbp_topic_count":0,"_bbp_reply_count":0,"_bbp_total_topic_count":0,"_bbp_total_reply_count":0,"_bbp_voice_count":0,"_bbp_anonymous_reply_count":0,"_bbp_topic_count_hidden":0,"_bbp_reply_count_hidden":0,"_bbp_forum_subforum_count":0,"footnotes":""},"class_list":["post-3568","page","type-page","status-publish","has-post-thumbnail","hentry"],"_links":{"self":[{"href":"https:\/\/laufgruppe-lvb.bplaced.net\/wordpress\/wp-json\/wp\/v2\/pages\/3568","targetHints":{"allow":["GET"]}}],"collection":[{"href":"https:\/\/laufgruppe-lvb.bplaced.net\/wordpress\/wp-json\/wp\/v2\/pages"}],"about":[{"href":"https:\/\/laufgruppe-lvb.bplaced.net\/wordpress\/wp-json\/wp\/v2\/types\/page"}],"author":[{"embeddable":true,"href":"https:\/\/laufgruppe-lvb.bplaced.net\/wordpress\/wp-json\/wp\/v2\/users\/2"}],"replies":[{"embeddable":true,"href":"https:\/\/laufgruppe-lvb.bplaced.net\/wordpress\/wp-json\/wp\/v2\/comments?post=3568"}],"version-history":[{"count":4,"href":"https:\/\/laufgruppe-lvb.bplaced.net\/wordpress\/wp-json\/wp\/v2\/pages\/3568\/revisions"}],"predecessor-version":[{"id":8618,"href":"https:\/\/laufgruppe-lvb.bplaced.net\/wordpress\/wp-json\/wp\/v2\/pages\/3568\/revisions\/8618"}],"wp:featuredmedia":[{"embeddable":true,"href":"https:\/\/laufgruppe-lvb.bplaced.net\/wordpress\/wp-json\/wp\/v2\/media\/8016"}],"wp:attachment":[{"href":"https:\/\/laufgruppe-lvb.bplaced.net\/wordpress\/wp-json\/wp\/v2\/media?parent=3568"}],"curies":[{"name":"wp","href":"https:\/\/api.w.org\/{rel}","templated":true}]}}