{"id":16,"date":"2014-04-28T12:03:54","date_gmt":"2014-04-28T10:03:54","guid":{"rendered":"http:\/\/laufgruppe-lvb.bplaced.net\/wordpress\/?page_id=16"},"modified":"2015-08-26T10:43:54","modified_gmt":"2015-08-26T08:43:54","slug":"ueber-uns-alt","status":"publish","type":"page","link":"https:\/\/laufgruppe-lvb.bplaced.net\/wordpress\/ueber-uns-alt\/","title":{"rendered":"\u00fcber uns_alt"},"content":{"rendered":"<p>[vc_row][vc_column width=&#8220;1\/1&#8243;][vc_column_text]<\/p>\n<p>Herzlich Willkommen auf der Homepage der Laufgruppe der LVB<\/p>\n<p>[\/vc_column_text][vc_column_text]<\/p>\n<p>[dropcap]D[\/dropcap]ie Laufgruppe wurde am 9. Juli 1984 gegr\u00fcndet und hat heute 26 aktive, begeisterte Mitglieder. Wir treffen uns jeden Montag zum Training. Wir laufen 10 oder 13 km im Connewitzer Wald. Danach ist oft in gem\u00fctlicher Runde noch Zeit den Trainingslauf oder einen Wettkampf vom letzten Wochenende auszuwerten. Wir organisieren j\u00e4hrlich vier Volksl\u00e4ufe. Uns vereint Spa\u00df an der Bewegung in der freien Natur.<\/p>\n<p>[\/vc_column_text][\/vc_column][\/vc_row][vc_separator color=&#8220;grey&#8220;][vc_row][vc_column width=&#8220;1\/1&#8243;][vc_gallery type=&#8220;nivo&#8220; interval=&#8220;3&#8243; images=&#8220;2717,3446,3448,3449,3450,3451,3452,3453,3454,3455,3447&#8243; onclick=&#8220;link_no&#8220; custom_links_target=&#8220;_self&#8220; title=&#8220;L\u00e4ufergruppe&#8220; img_size=&#8220;full&#8220;][vc_separator color=&#8220;grey&#8220;][vc_gmaps link=&#8220;#E-8_JTNDaWZyYW1lJTIwc3JjJTNEJTIyaHR0cHMlM0ElMkYlMkZtYXBzZW5naW5lLmdvb2dsZS5jb20lMkZtYXAlMkZlbWJlZCUzRm1pZCUzRHpyaV9XTW12TTQwNC5rMzFyY0kydTh6Y2clMjZ6JTNEMTUlMjIlMjB3aWR0aCUzRCUyMjY0MCUyMiUyMGhlaWdodCUzRCUyMjQ4MCUyMiUzRSUzQyUyRmlmcmFtZSUzRQ==&#8220; size=&#8220;300&#215;300&#8243; title=&#8220;Karte&#8220;][vc_separator color=&#8220;grey&#8220;][vc_empty_space height=&#8220;32px&#8220;][\/vc_column][\/vc_row][vc_row][vc_column width=&#8220;1\/1&#8243;][vc_column_text]<\/p>\n<h2><span style=\"font-size: 14pt;\">Wenn Du Lust auf Laufen hast, dann lauf doch einfach mit\u00a0&#8230;<\/span><\/h2>\n<p><strong>Wir treffen uns regelm\u00e4\u00dfig jeden Montag 17:30 Uhr zur unserer Trainingsrunde durch den sch\u00f6nen Auenwald.<\/strong>[\/vc_column_text][vc_separator color=&#8220;grey&#8220;][vc_column_text]<\/p>\n<h4>&#8230; oder schreib&#8216; uns eine Nachricht!<\/h4>\n<p>[\/vc_column_text][\/vc_column][\/vc_row]<\/p>\n","protected":false},"excerpt":{"rendered":"<p>[vc_row][vc_column width=&#8220;1\/1&#8243;][vc_column_text] Herzlich Willkommen auf der Homepage der Laufgruppe der LVB [\/vc_column_text][vc_column_text] [dropcap]D[\/dropcap]ie Laufgruppe wurde am 9. Juli 1984 gegr\u00fcndet und hat heute 26 aktive, begeisterte Mitglieder. Wir treffen uns jeden Montag zum Training. Wir laufen 10 oder 13 km im Connewitzer Wald. Danach ist oft in gem\u00fctlicher Runde noch Zeit den Trainingslauf oder einen Wettkampf vom letzten Wochenende auszuwerten. Wir organisieren j\u00e4hrlich vier Volksl\u00e4ufe. Uns vereint Spa\u00df an der Bewegung in der freien Natur. [\/vc_column_text][\/vc_column][\/vc_row][vc_separator color=&#8220;grey&#8220;][vc_row][vc_column width=&#8220;1\/1&#8243;][vc_gallery type=&#8220;nivo&#8220; interval=&#8220;3&#8243; images=&#8220;2717,3446,3448,3449,3450,3451,3452,3453,3454,3455,3447&#8243; onclick=&#8220;link_no&#8220; custom_links_target=&#8220;_self&#8220; title=&#8220;L\u00e4ufergruppe&#8220; img_size=&#8220;full&#8220;][vc_separator color=&#8220;grey&#8220;][vc_gmaps link=&#8220;#E-8_JTNDaWZyYW1lJTIwc3JjJTNEJTIyaHR0cHMlM0ElMkYlMkZtYXBzZW5naW5lLmdvb2dsZS5jb20lMkZtYXAlMkZlbWJlZCUzRm1pZCUzRHpyaV9XTW12TTQwNC5rMzFyY0kydTh6Y2clMjZ6JTNEMTUlMjIlMjB3aWR0aCUzRCUyMjY0MCUyMiUyMGhlaWdodCUzRCUyMjQ4MCUyMiUzRSUzQyUyRmlmcmFtZSUzRQ==&#8220; size=&#8220;300&#215;300&#8243; title=&#8220;Karte&#8220;][vc_separator color=&#8220;grey&#8220;][vc_empty_space height=&#8220;32px&#8220;][\/vc_column][\/vc_row][vc_row][vc_column width=&#8220;1\/1&#8243;][vc_column_text] Wenn Du Lust auf Laufen hast, dann lauf doch einfach mit\u00a0&#8230; Wir treffen uns regelm\u00e4\u00dfig jeden Montag 17:30 Uhr zur unserer Trainingsrunde durch den sch\u00f6nen Auenwald.[\/vc_column_text][vc_separator color=&#8220;grey&#8220;][vc_column_text] &#8230; oder schreib&#8216; uns eine Nachricht! [\/vc_column_text][\/vc_column][\/vc_row]<\/p>\n","protected":false},"author":2,"featured_media":0,"parent":0,"menu_order":0,"comment_status":"open","ping_status":"closed","template":"","meta":{"_bbp_topic_count":0,"_bbp_reply_count":0,"_bbp_total_topic_count":0,"_bbp_total_reply_count":0,"_bbp_voice_count":0,"_bbp_anonymous_reply_count":0,"_bbp_topic_count_hidden":0,"_bbp_reply_count_hidden":0,"_bbp_forum_subforum_count":0,"footnotes":""},"class_list":["post-16","page","type-page","status-publish","hentry"],"_links":{"self":[{"href":"https:\/\/laufgruppe-lvb.bplaced.net\/wordpress\/wp-json\/wp\/v2\/pages\/16","targetHints":{"allow":["GET"]}}],"collection":[{"href":"https:\/\/laufgruppe-lvb.bplaced.net\/wordpress\/wp-json\/wp\/v2\/pages"}],"about":[{"href":"https:\/\/laufgruppe-lvb.bplaced.net\/wordpress\/wp-json\/wp\/v2\/types\/page"}],"author":[{"embeddable":true,"href":"https:\/\/laufgruppe-lvb.bplaced.net\/wordpress\/wp-json\/wp\/v2\/users\/2"}],"replies":[{"embeddable":true,"href":"https:\/\/laufgruppe-lvb.bplaced.net\/wordpress\/wp-json\/wp\/v2\/comments?post=16"}],"version-history":[{"count":1,"href":"https:\/\/laufgruppe-lvb.bplaced.net\/wordpress\/wp-json\/wp\/v2\/pages\/16\/revisions"}],"predecessor-version":[{"id":8376,"href":"https:\/\/laufgruppe-lvb.bplaced.net\/wordpress\/wp-json\/wp\/v2\/pages\/16\/revisions\/8376"}],"wp:attachment":[{"href":"https:\/\/laufgruppe-lvb.bplaced.net\/wordpress\/wp-json\/wp\/v2\/media?parent=16"}],"curies":[{"name":"wp","href":"https:\/\/api.w.org\/{rel}","templated":true}]}}